{"id":632,"date":"2023-04-21T13:23:57","date_gmt":"2023-04-21T11:23:57","guid":{"rendered":"http:\/\/www.dev24.eu\/wp\/?page_id=632"},"modified":"2023-04-21T13:23:57","modified_gmt":"2023-04-21T11:23:57","slug":"resitve-za-trgovino-in-gostinstvo","status":"publish","type":"page","link":"https:\/\/sistem24.eu\/index.php\/resitve-za-trgovino-in-gostinstvo\/","title":{"rendered":"Poslovne re\u0161itve"},"content":{"rendered":"\t\t<div data-elementor-type=\"wp-page\" data-elementor-id=\"632\" class=\"elementor elementor-632\">\n\t\t\t\t\t\t\t\t\t<section class=\"elementor-section elementor-top-section elementor-element elementor-element-b43501d elementor-section-boxed elementor-section-height-default elementor-section-height-default\" data-id=\"b43501d\" data-element_type=\"section\" data-settings=\"{&quot;background_background&quot;:&quot;slideshow&quot;,&quot;background_slideshow_gallery&quot;:[{&quot;id&quot;:2255,&quot;url&quot;:&quot;http:\\\/\\\/www.dev24.eu\\\/wp\\\/wp-content\\\/uploads\\\/2023\\\/05\\\/Untitled-design-5.png&quot;}],&quot;background_slideshow_loop&quot;:&quot;yes&quot;,&quot;background_slideshow_slide_duration&quot;:5000,&quot;background_slideshow_slide_transition&quot;:&quot;fade&quot;,&quot;background_slideshow_transition_duration&quot;:500}\">\n\t\t\t\t\t\t<div class=\"elementor-container elementor-column-gap-default\">\n\t\t\t\t\t<div class=\"elementor-column elementor-col-100 elementor-top-column elementor-element elementor-element-c500de8\" data-id=\"c500de8\" data-element_type=\"column\">\n\t\t\t<div class=\"elementor-widget-wrap elementor-element-populated\">\n\t\t\t\t\t\t\t\t<div class=\"elementor-element elementor-element-3542688 elementor-widget elementor-widget-spacer\" data-id=\"3542688\" data-element_type=\"widget\" data-widget_type=\"spacer.default\">\n\t\t\t\t<div class=\"elementor-widget-container\">\n\t\t\t<style>\/*! elementor - v3.14.0 - 26-06-2023 *\/\n.elementor-column .elementor-spacer-inner{height:var(--spacer-size)}.e-con{--container-widget-width:100%}.e-con-inner>.elementor-widget-spacer,.e-con>.elementor-widget-spacer{width:var(--container-widget-width,var(--spacer-size));--align-self:var(--container-widget-align-self,initial);--flex-shrink:0}.e-con-inner>.elementor-widget-spacer>.elementor-widget-container,.e-con-inner>.elementor-widget-spacer>.elementor-widget-container>.elementor-spacer,.e-con>.elementor-widget-spacer>.elementor-widget-container,.e-con>.elementor-widget-spacer>.elementor-widget-container>.elementor-spacer{height:100%}.e-con-inner>.elementor-widget-spacer>.elementor-widget-container>.elementor-spacer>.elementor-spacer-inner,.e-con>.elementor-widget-spacer>.elementor-widget-container>.elementor-spacer>.elementor-spacer-inner{height:var(--container-widget-height,var(--spacer-size))}<\/style>\t\t<div class=\"elementor-spacer\">\n\t\t\t<div class=\"elementor-spacer-inner\"><\/div>\n\t\t<\/div>\n\t\t\t\t<\/div>\n\t\t\t\t<\/div>\n\t\t\t\t\t<\/div>\n\t\t<\/div>\n\t\t\t\t\t\t\t<\/div>\n\t\t<\/section>\n\t\t\t\t<section class=\"elementor-section elementor-top-section elementor-element elementor-element-15a9f0d elementor-section-boxed elementor-section-height-default elementor-section-height-default\" data-id=\"15a9f0d\" data-element_type=\"section\">\n\t\t\t\t\t\t<div class=\"elementor-container elementor-column-gap-default\">\n\t\t\t\t\t<div class=\"elementor-column elementor-col-100 elementor-top-column elementor-element elementor-element-eb06d1a\" data-id=\"eb06d1a\" data-element_type=\"column\">\n\t\t\t<div class=\"elementor-widget-wrap elementor-element-populated\">\n\t\t\t\t\t\t\t\t<div class=\"elementor-element elementor-element-c227321 elementor-widget elementor-widget-text-editor\" data-id=\"c227321\" data-element_type=\"widget\" data-widget_type=\"text-editor.default\">\n\t\t\t\t<div class=\"elementor-widget-container\">\n\t\t\t<style>\/*! elementor - v3.14.0 - 26-06-2023 *\/\n.elementor-widget-text-editor.elementor-drop-cap-view-stacked .elementor-drop-cap{background-color:#69727d;color:#fff}.elementor-widget-text-editor.elementor-drop-cap-view-framed .elementor-drop-cap{color:#69727d;border:3px solid;background-color:transparent}.elementor-widget-text-editor:not(.elementor-drop-cap-view-default) .elementor-drop-cap{margin-top:8px}.elementor-widget-text-editor:not(.elementor-drop-cap-view-default) .elementor-drop-cap-letter{width:1em;height:1em}.elementor-widget-text-editor .elementor-drop-cap{float:left;text-align:center;line-height:1;font-size:50px}.elementor-widget-text-editor .elementor-drop-cap-letter{display:inline-block}<\/style>\t\t\t\t<h5>Va\u0161emu podjetju, naj bo majhno ali veliko, zagotavljamo poslovne re\u0161itve za uspe\u0161no poslovanje.<\/h5>\t\t\t\t\t\t<\/div>\n\t\t\t\t<\/div>\n\t\t\t\t\t<\/div>\n\t\t<\/div>\n\t\t\t\t\t\t\t<\/div>\n\t\t<\/section>\n\t\t\t\t<section class=\"elementor-section elementor-top-section elementor-element elementor-element-6e1f2d0 elementor-section-boxed elementor-section-height-default elementor-section-height-default\" data-id=\"6e1f2d0\" data-element_type=\"section\">\n\t\t\t\t\t\t<div class=\"elementor-container elementor-column-gap-default\">\n\t\t\t\t\t<div class=\"elementor-column elementor-col-50 elementor-top-column elementor-element elementor-element-3334e0e\" data-id=\"3334e0e\" data-element_type=\"column\">\n\t\t\t<div class=\"elementor-widget-wrap elementor-element-populated\">\n\t\t\t\t\t\t\t\t<div class=\"elementor-element elementor-element-e8dc630 elementor-position-top elementor-vertical-align-top elementor-widget elementor-widget-image-box\" data-id=\"e8dc630\" data-element_type=\"widget\" data-widget_type=\"image-box.default\">\n\t\t\t\t<div class=\"elementor-widget-container\">\n\t\t\t<style>\/*! elementor - v3.14.0 - 26-06-2023 *\/\n.elementor-widget-image-box .elementor-image-box-content{width:100%}@media (min-width:768px){.elementor-widget-image-box.elementor-position-left .elementor-image-box-wrapper,.elementor-widget-image-box.elementor-position-right .elementor-image-box-wrapper{display:flex}.elementor-widget-image-box.elementor-position-right .elementor-image-box-wrapper{text-align:right;flex-direction:row-reverse}.elementor-widget-image-box.elementor-position-left .elementor-image-box-wrapper{text-align:left;flex-direction:row}.elementor-widget-image-box.elementor-position-top .elementor-image-box-img{margin:auto}.elementor-widget-image-box.elementor-vertical-align-top .elementor-image-box-wrapper{align-items:flex-start}.elementor-widget-image-box.elementor-vertical-align-middle .elementor-image-box-wrapper{align-items:center}.elementor-widget-image-box.elementor-vertical-align-bottom .elementor-image-box-wrapper{align-items:flex-end}}@media (max-width:767px){.elementor-widget-image-box .elementor-image-box-img{margin-left:auto!important;margin-right:auto!important;margin-bottom:15px}}.elementor-widget-image-box .elementor-image-box-img{display:inline-block}.elementor-widget-image-box .elementor-image-box-title a{color:inherit}.elementor-widget-image-box .elementor-image-box-wrapper{text-align:center}.elementor-widget-image-box .elementor-image-box-description{margin:0}<\/style><div class=\"elementor-image-box-wrapper\"><figure class=\"elementor-image-box-img\"><a href=\"https:\/\/www.dev24.eu\/wp\/simple-shop\/\"><img decoding=\"async\" width=\"400\" height=\"277\" src=\"https:\/\/sistem24.eu\/wp-content\/uploads\/2023\/05\/uvod.png\" class=\"elementor-animation-shrink attachment-full size-full wp-image-2152\" alt=\"\" loading=\"lazy\" srcset=\"https:\/\/sistem24.eu\/wp-content\/uploads\/2023\/05\/uvod.png 400w, https:\/\/sistem24.eu\/wp-content\/uploads\/2023\/05\/uvod-300x208.png 300w\" sizes=\"(max-width: 400px) 100vw, 400px\" \/><\/a><\/figure><div class=\"elementor-image-box-content\"><h3 class=\"elementor-image-box-title\"><a href=\"https:\/\/www.dev24.eu\/wp\/simple-shop\/\">SIMPLE SHOP<\/a><\/h3><p class=\"elementor-image-box-description\">Univerzalna poslovna programska oprema za izdajanje ra\u010dunov, predra\u010dunov ali vstopnic preko A4 in POS tiskalnikov ter sprejem RFiD (NFC) kartic, BAR kode in kontrola pristopa delovnega \u010dasa - vse v enem programski paket.\n\n\nSimple Shop - enostavno enostavna re\u0161itev za TRGOVINO in GOSTINSTVO.\n<br><\/p><\/div><\/div>\t\t<\/div>\n\t\t\t\t<\/div>\n\t\t\t\t\t<\/div>\n\t\t<\/div>\n\t\t\t\t<div class=\"elementor-column elementor-col-50 elementor-top-column elementor-element elementor-element-ddddc2a\" data-id=\"ddddc2a\" data-element_type=\"column\">\n\t\t\t<div class=\"elementor-widget-wrap elementor-element-populated\">\n\t\t\t\t\t\t\t\t<div class=\"elementor-element elementor-element-b9adfb0 elementor-position-top elementor-vertical-align-top elementor-widget elementor-widget-image-box\" data-id=\"b9adfb0\" data-element_type=\"widget\" data-widget_type=\"image-box.default\">\n\t\t\t\t<div class=\"elementor-widget-container\">\n\t\t\t<div class=\"elementor-image-box-wrapper\"><figure class=\"elementor-image-box-img\"><a href=\"https:\/\/www.dev24.eu\/wp\/storitve\/pantheon\/\"><img decoding=\"async\" width=\"1080\" height=\"1000\" src=\"https:\/\/sistem24.eu\/wp-content\/uploads\/2023\/05\/pantheon-slika-na-prvi-strani-1.webp\" class=\"elementor-animation-shrink attachment-full size-full wp-image-1361\" alt=\"\" loading=\"lazy\" \/><\/a><\/figure><div class=\"elementor-image-box-content\"><h3 class=\"elementor-image-box-title\"><a href=\"https:\/\/www.dev24.eu\/wp\/storitve\/pantheon\/\">PANTHEON<\/a><\/h3><p class=\"elementor-image-box-description\">PANTHEON je poslovni program, ki se uporablja v podjetjih in organizacijah za upravljanje razli\u010dnih poslovnih ter ra\u010dunovodskih procesov.<\/p><\/div><\/div>\t\t<\/div>\n\t\t\t\t<\/div>\n\t\t\t\t\t<\/div>\n\t\t<\/div>\n\t\t\t\t\t\t\t<\/div>\n\t\t<\/section>\n\t\t\t\t\t\t\t<\/div>\n\t\t","protected":false},"excerpt":{"rendered":"<p>Va\u0161emu podjetju, naj bo majhno ali veliko, zagotavljamo poslovne re\u0161itve za uspe\u0161no poslovanje. SIMPLE SHOP Univerzalna poslovna programska oprema za izdajanje ra\u010dunov, predra\u010dunov ali vstopnic preko A4 in POS tiskalnikov ter sprejem RFiD (NFC) kartic, BAR kode in kontrola pristopa delovnega \u010dasa &#8211; vse v enem programski paket. Simple Shop &#8211; enostavno enostavna re\u0161itev za [&hellip;]<\/p>\n","protected":false},"author":3,"featured_media":0,"parent":0,"menu_order":0,"comment_status":"closed","ping_status":"closed","template":"","meta":{"_eb_attr":""},"_links":{"self":[{"href":"https:\/\/sistem24.eu\/index.php\/wp-json\/wp\/v2\/pages\/632"}],"collection":[{"href":"https:\/\/sistem24.eu\/index.php\/wp-json\/wp\/v2\/pages"}],"about":[{"href":"https:\/\/sistem24.eu\/index.php\/wp-json\/wp\/v2\/types\/page"}],"author":[{"embeddable":true,"href":"https:\/\/sistem24.eu\/index.php\/wp-json\/wp\/v2\/users\/3"}],"replies":[{"embeddable":true,"href":"https:\/\/sistem24.eu\/index.php\/wp-json\/wp\/v2\/comments?post=632"}],"version-history":[{"count":0,"href":"https:\/\/sistem24.eu\/index.php\/wp-json\/wp\/v2\/pages\/632\/revisions"}],"wp:attachment":[{"href":"https:\/\/sistem24.eu\/index.php\/wp-json\/wp\/v2\/media?parent=632"}],"curies":[{"name":"wp","href":"https:\/\/api.w.org\/{rel}","templated":true}]}}